{"id":402,"date":"2023-12-01T01:07:31","date_gmt":"2023-12-01T01:07:31","guid":{"rendered":"https:\/\/losencinos.us\/?page_id=402"},"modified":"2025-08-31T19:47:25","modified_gmt":"2025-08-31T23:47:25","slug":"mas-informacion","status":"publish","type":"page","link":"https:\/\/losencinos.us\/en\/mas-informacion\/","title":{"rendered":"Request more information"},"content":{"rendered":"<p>Learn more about our owner-financed properties and how easy it is to take the first steps toward homeownership today. Fill out the form below, and we'll send you everything you need to know.<\/p>\n\n\n\n<script charset=\"utf-8\" type=\"text\/javascript\" src=\"\/\/js.hsforms.net\/forms\/embed\/v2.js\"><\/script>\n<div class=\"translation-block\"> \n<div class=\"form-sp\">\n\n \n<script>\n  hbspt.forms.create({\n    portalId: \"44240444\",\n    formId: \"9b410d72-7013-41fe-b799-d1f3ae4b2020\",\n    region: \"na1\"\n  });\n<\/script>\n\n<\/div>\n<\/div>\n\n\n\n<p class=\"has-x-small-font-size\">*I agree to receive account information and promotional messages from Los Encinos. Los Encinos does not share data or information with third-party sources. Text STOP to 346-440-0025 to opt out. Message and data rates may apply. Message frequency varies. By submitting my phone number, I consent to receive text messages from Los Encinos. I understand that opt-in is not a condition of purchase.<\/p>","protected":false},"excerpt":{"rendered":"<p>Obtenga m\u00e1s informaci\u00f3n sobre nuestras propiedades financiadas por el propietario y lo f\u00e1cil que es dar los primeros pasos hacia la propiedad hoy. Rellena el siguiente formulario y te enviaremos todo lo que necesitas saber. *Acepto recibir informaci\u00f3n sobre mi cuenta y mensajes promocionales de Los Encinos. Los Encinos no comparten datos o informaci\u00f3n con [&hellip;]<\/p>\n","protected":false},"author":1,"featured_media":0,"parent":0,"menu_order":0,"comment_status":"closed","ping_status":"closed","template":"","meta":{"content-type":"","advanced_seo_description":"","jetpack_seo_html_title":"","jetpack_seo_noindex":false,"footnotes":""},"class_list":["post-402","page","type-page","status-publish","hentry"],"jetpack_sharing_enabled":true,"_links":{"self":[{"href":"https:\/\/losencinos.us\/en\/wp-json\/wp\/v2\/pages\/402","targetHints":{"allow":["GET"]}}],"collection":[{"href":"https:\/\/losencinos.us\/en\/wp-json\/wp\/v2\/pages"}],"about":[{"href":"https:\/\/losencinos.us\/en\/wp-json\/wp\/v2\/types\/page"}],"author":[{"embeddable":true,"href":"https:\/\/losencinos.us\/en\/wp-json\/wp\/v2\/users\/1"}],"replies":[{"embeddable":true,"href":"https:\/\/losencinos.us\/en\/wp-json\/wp\/v2\/comments?post=402"}],"version-history":[{"count":7,"href":"https:\/\/losencinos.us\/en\/wp-json\/wp\/v2\/pages\/402\/revisions"}],"predecessor-version":[{"id":987,"href":"https:\/\/losencinos.us\/en\/wp-json\/wp\/v2\/pages\/402\/revisions\/987"}],"wp:attachment":[{"href":"https:\/\/losencinos.us\/en\/wp-json\/wp\/v2\/media?parent=402"}],"curies":[{"name":"wp","href":"https:\/\/api.w.org\/{rel}","templated":true}]}}