{"id":326,"date":"2023-12-01T01:07:31","date_gmt":"2023-12-01T01:07:31","guid":{"rendered":"https:\/\/losencinos.us\/?page_id=326"},"modified":"2025-08-31T00:35:33","modified_gmt":"2025-08-31T04:35:33","slug":"programar-una-visita","status":"publish","type":"page","link":"https:\/\/losencinos.us\/en\/programar-una-visita\/","title":{"rendered":"SCHEDULE A VISIT"},"content":{"rendered":"<div class=\"wp-block-group alignfull has-global-padding is-layout-constrained wp-container-core-group-is-layout-8217c53c wp-block-group-is-layout-constrained\" style=\"padding-top:var(--wp--preset--spacing--medium);padding-right:var(--wp--preset--spacing--medium);padding-bottom:var(--wp--preset--spacing--medium);padding-left:var(--wp--preset--spacing--medium)\">\n<div class=\"wp-block-group has-global-padding is-layout-constrained wp-block-group-is-layout-constrained\">\n<h1 class=\"wp-block-heading has-nunito-sans-font-family has-large-font-size\" style=\"letter-spacing:0.05em;text-transform:uppercase\">SCHEDULE A VISIT<\/h1>\n<\/div>\n\n\n\n\n\n<!-- Start of Meetings Embed Script -->\n    <div class=\"meetings-iframe-container\" data-src=\"https:\/\/meetings.hubspot.com\/tomas-andrin\/scheduleacall?embed=true\"><\/div>\n    <script type=\"text\/javascript\" src=\"https:\/\/static.hsappstatic.net\/MeetingsEmbed\/ex\/MeetingsEmbedCode.js\"><\/script>\n  <!-- End of Meetings Embed Script -->\n\n\n\n\n<p class=\"has-x-small-font-size\">*I agree to receive account information and promotional messages from Los Encinos. Los Encinos does not share data or information with third-party sources. Text STOP to 346-440-0025 to opt out. Message and data rates may apply. Message frequency varies. By submitting my phone number, I consent to receive text messages from Los Encinos. I understand that opt-in is not a condition of purchase.<\/p>\n<\/div>","protected":false},"excerpt":{"rendered":"<p>Programar una visita *Acepto recibir informaci\u00f3n sobre mi cuenta y mensajes promocionales de Los Encinos. Los Encinos no comparten datos o informaci\u00f3n con fuentes de terceros. Env\u00ede STOP al 346-440-0025 para cancelar. Es posible que se apliquen tarifas de mensajes y datos. La frecuencia de los mensajes var\u00eda. Al enviar mi n\u00famero de tel\u00e9fono doy [&hellip;]<\/p>\n","protected":false},"author":1,"featured_media":0,"parent":0,"menu_order":0,"comment_status":"closed","ping_status":"closed","template":"page-no-title","meta":{"content-type":"","advanced_seo_description":"","jetpack_seo_html_title":"","jetpack_seo_noindex":false,"footnotes":""},"class_list":["post-326","page","type-page","status-publish","hentry"],"jetpack_sharing_enabled":true,"_links":{"self":[{"href":"https:\/\/losencinos.us\/en\/wp-json\/wp\/v2\/pages\/326","targetHints":{"allow":["GET"]}}],"collection":[{"href":"https:\/\/losencinos.us\/en\/wp-json\/wp\/v2\/pages"}],"about":[{"href":"https:\/\/losencinos.us\/en\/wp-json\/wp\/v2\/types\/page"}],"author":[{"embeddable":true,"href":"https:\/\/losencinos.us\/en\/wp-json\/wp\/v2\/users\/1"}],"replies":[{"embeddable":true,"href":"https:\/\/losencinos.us\/en\/wp-json\/wp\/v2\/comments?post=326"}],"version-history":[{"count":8,"href":"https:\/\/losencinos.us\/en\/wp-json\/wp\/v2\/pages\/326\/revisions"}],"predecessor-version":[{"id":982,"href":"https:\/\/losencinos.us\/en\/wp-json\/wp\/v2\/pages\/326\/revisions\/982"}],"wp:attachment":[{"href":"https:\/\/losencinos.us\/en\/wp-json\/wp\/v2\/media?parent=326"}],"curies":[{"name":"wp","href":"https:\/\/api.w.org\/{rel}","templated":true}]}}